{"id":99,"date":"2024-12-18T08:45:31","date_gmt":"2024-12-18T07:45:31","guid":{"rendered":"https:\/\/quellwasser-verlag.de\/?page_id=99"},"modified":"2024-12-18T09:53:04","modified_gmt":"2024-12-18T08:53:04","slug":"impressum","status":"publish","type":"page","link":"https:\/\/quellwasser-verlag.de\/?page_id=99","title":{"rendered":"Impressum"},"content":{"rendered":"<p>[et_pb_section fb_built=&#8221;1&#8243; _builder_version=&#8221;4.27.4&#8243; _module_preset=&#8221;default&#8221; global_colors_info=&#8221;{}&#8221;][et_pb_row _builder_version=&#8221;4.27.4&#8243; _module_preset=&#8221;default&#8221; global_colors_info=&#8221;{}&#8221;][et_pb_column type=&#8221;4_4&#8243; _builder_version=&#8221;4.27.4&#8243; _module_preset=&#8221;default&#8221; global_colors_info=&#8221;{}&#8221;][et_pb_text _builder_version=&#8221;4.27.4&#8243; _module_preset=&#8221;default&#8221; hover_enabled=&#8221;0&#8243; global_colors_info=&#8221;{}&#8221; sticky_enabled=&#8221;0&#8243;]<\/p>\n<h2>Impressum<\/h2>\n<section>Quellwasser Verlag<br \/>Dr. phil. Florian A. Gebler e.K.<br \/>Parkstra\u00dfe 13<br \/>D- 87645 Schwangau<\/p>\n<p>fon: (+49) 0 83 62 \/ 923 99 17<br \/>mail:<span>\u00a0<\/span><u><a href=\"mailto:info@quellwasser-verlag.de\">kontakt@quellwasser-verlag.de<\/a><\/u><\/p>\n<p>&nbsp;<\/p>\n<h2>Haftung<\/h2>\n<p>Inhalte und Darstellung der Website sind urheberrechtlich gesch\u00fctzt. Trotz h\u00f6chster Sorgfalt kann nicht f\u00fcr die Richtigkeit der wiedergegebenen Informationen sowie die permanente technische Erreichbarkeit gehaftet werden. Insbesondere kann keine Haftung f\u00fcr den Inhalt von extern verlinkten Websites \u00fcbernommen werden.<\/p>\n<p>&nbsp;<\/p>\n<h2>Bildnachweis<\/h2>\n<p>Copyright f\u00fcr den farbigen Hintergrund der Leserstimmen und Zitate:<\/p>\n<p>Depositphotos: 1626531<\/p>\n<\/section>\n<p>[\/et_pb_text][\/et_pb_column][\/et_pb_row][\/et_pb_section]<\/p>\n","protected":false},"excerpt":{"rendered":"<p>Impressum Quellwasser VerlagDr. phil. Florian A. Gebler e.K.Parkstra\u00dfe 13D- 87645 Schwangau fon: (+49) 0 83 62 \/ 923 99 17mail:\u00a0kontakt@quellwasser-verlag.de &nbsp; Haftung Inhalte und Darstellung der Website sind urheberrechtlich gesch\u00fctzt. Trotz h\u00f6chster Sorgfalt kann nicht f\u00fcr die Richtigkeit der wiedergegebenen Informationen sowie die permanente technische Erreichbarkeit gehaftet werden. Insbesondere kann keine Haftung f\u00fcr den Inhalt [&hellip;]<\/p>\n","protected":false},"author":1,"featured_media":0,"parent":0,"menu_order":100,"comment_status":"closed","ping_status":"closed","template":"","meta":{"_et_pb_use_builder":"on","_et_pb_old_content":"","_et_gb_content_width":"","footnotes":""},"class_list":["post-99","page","type-page","status-publish","hentry"],"_links":{"self":[{"href":"https:\/\/quellwasser-verlag.de\/index.php?rest_route=\/wp\/v2\/pages\/99","targetHints":{"allow":["GET"]}}],"collection":[{"href":"https:\/\/quellwasser-verlag.de\/index.php?rest_route=\/wp\/v2\/pages"}],"about":[{"href":"https:\/\/quellwasser-verlag.de\/index.php?rest_route=\/wp\/v2\/types\/page"}],"author":[{"embeddable":true,"href":"https:\/\/quellwasser-verlag.de\/index.php?rest_route=\/wp\/v2\/users\/1"}],"replies":[{"embeddable":true,"href":"https:\/\/quellwasser-verlag.de\/index.php?rest_route=%2Fwp%2Fv2%2Fcomments&post=99"}],"version-history":[{"count":6,"href":"https:\/\/quellwasser-verlag.de\/index.php?rest_route=\/wp\/v2\/pages\/99\/revisions"}],"predecessor-version":[{"id":145,"href":"https:\/\/quellwasser-verlag.de\/index.php?rest_route=\/wp\/v2\/pages\/99\/revisions\/145"}],"wp:attachment":[{"href":"https:\/\/quellwasser-verlag.de\/index.php?rest_route=%2Fwp%2Fv2%2Fmedia&parent=99"}],"curies":[{"name":"wp","href":"https:\/\/api.w.org\/{rel}","templated":true}]}}