{"id":41,"date":"2024-12-18T08:40:34","date_gmt":"2024-12-18T07:40:34","guid":{"rendered":"https:\/\/quellwasser-verlag.de\/?page_id=41"},"modified":"2024-12-18T09:56:22","modified_gmt":"2024-12-18T08:56:22","slug":"home","status":"publish","type":"page","link":"https:\/\/quellwasser-verlag.de\/","title":{"rendered":"Home"},"content":{"rendered":"<p>[et_pb_section fb_built=&#8221;1&#8243; _builder_version=&#8221;4.27.4&#8243; _module_preset=&#8221;default&#8221; background_color=&#8221;#0060ad&#8221; global_colors_info=&#8221;{}&#8221;][et_pb_row column_structure=&#8221;3_5,2_5&#8243; _builder_version=&#8221;4.27.4&#8243; _module_preset=&#8221;default&#8221; global_colors_info=&#8221;{}&#8221;][et_pb_column type=&#8221;3_5&#8243; _builder_version=&#8221;4.27.4&#8243; _module_preset=&#8221;default&#8221; global_colors_info=&#8221;{}&#8221;][et_pb_text _builder_version=&#8221;4.27.4&#8243; _module_preset=&#8221;default&#8221; text_text_color=&#8221;#FFFFFF&#8221; header_text_color=&#8221;#FFFFFF&#8221; global_colors_info=&#8221;{}&#8221;]<\/p>\n<h1><span style=\"font-size: x-large;\"><strong>Herzlich Willkommen beim Quellwasser Verlag!<\/strong><\/span><\/h1>\n<section><strong><\/strong><\/section>\n<section><\/section>\n<section><strong>\u00a0<\/strong><\/section>\n<section><strong>Quellwasser<\/strong><span>\u00a0<\/span>ist ein Grundelement des Lebens. Es symbolisiert Klarheit, Urspr\u00fcnglichkeit und Lebendigkeit. Dieses Hintergrundmotiv steht sinnbildlich f\u00fcr das Programm des Verlages. Publiziert werden schwerpunktm\u00e4\u00dfig Werke aus den Bereichen Existenzphilosophie und Existenzielle Psychotherapie sowie verwandten Gebieten. Der Mensch als freies und verantwortliches Wesen, das auf Sinn und Werte hin orientiert ist, steht im Zentrum des Interesses.<\/section>\n<section>\u00a0<\/section>\n<section><\/section>\n<section><strong>Das Programm<\/strong><span>\u00a0<\/span>richtet sich an Leserinnen und Leser, die sich f\u00fcr existenzielle Psychotherapie, Existenzphilosophie und die wesentlichen Fragen des Lebens interessieren. Es geht um Fragen wie &#8220;Was ist der Mensch?&#8221; \u2013 &#8220;Was macht ein erf\u00fclltes Leben aus?&#8221; \u2013 &#8220;Gibt es trotz Leid einen Sinn im Leben?&#8221; Das Verlagsprogramm ist von dem Gedanken geleitet, B\u00fccher zu publizieren, die ihre Relevanz \u00fcber die Zeit behalten. Das Ziel sind anspruchsvolle und hochwertige Texte, die jedoch verst\u00e4ndlich und gut zu lesen sind.<\/section>\n<p>[\/et_pb_text][\/et_pb_column][et_pb_column type=&#8221;2_5&#8243; _builder_version=&#8221;4.27.4&#8243; _module_preset=&#8221;default&#8221; global_colors_info=&#8221;{}&#8221;][et_pb_image src=&#8221;https:\/\/quellwasser-verlag.de\/wp-content\/uploads\/2024\/12\/Sprueche.jpg&#8221; title_text=&#8221;Spr\u00fcche&#8221; _builder_version=&#8221;4.27.4&#8243; _module_preset=&#8221;default&#8221; border_width_all=&#8221;1px&#8221; global_colors_info=&#8221;{}&#8221;][\/et_pb_image][\/et_pb_column][\/et_pb_row][\/et_pb_section][et_pb_section fb_built=&#8221;1&#8243; _builder_version=&#8221;4.27.4&#8243; _module_preset=&#8221;default&#8221; background_color=&#8221;#FFFFFF&#8221; global_colors_info=&#8221;{}&#8221;][et_pb_row column_structure=&#8221;1_4,1_4,1_4,1_4&#8243; _builder_version=&#8221;4.27.4&#8243; _module_preset=&#8221;default&#8221; global_colors_info=&#8221;{}&#8221;][et_pb_column type=&#8221;1_4&#8243; _builder_version=&#8221;4.27.4&#8243; _module_preset=&#8221;default&#8221; global_colors_info=&#8221;{}&#8221;][et_pb_image src=&#8221;https:\/\/quellwasser-verlag.de\/wp-content\/uploads\/2024\/12\/Cover_Wenn-der-Tod.jpg&#8221; alt=&#8221;Cover von %22Wenn der Tod anklopft%22.&#8221; title_text=&#8221;Cover_Wenn-der-Tod&#8221; _builder_version=&#8221;4.27.4&#8243; _module_preset=&#8221;default&#8221; border_width_all=&#8221;1px&#8221; global_colors_info=&#8221;{}&#8221;][\/et_pb_image][et_pb_button button_url=&#8221;https:\/\/quellwasser-verlag.de\/?page_id=53&#8243; button_text=&#8221;Mehr&#8221; button_alignment=&#8221;center&#8221; _builder_version=&#8221;4.27.4&#8243; _module_preset=&#8221;default&#8221; global_colors_info=&#8221;{}&#8221;][\/et_pb_button][\/et_pb_column][et_pb_column type=&#8221;1_4&#8243; _builder_version=&#8221;4.27.4&#8243; _module_preset=&#8221;default&#8221; global_colors_info=&#8221;{}&#8221;][et_pb_image src=&#8221;https:\/\/quellwasser-verlag.de\/wp-content\/uploads\/2024\/12\/Cover_Der-Weg-der-Liebe.jpg&#8221; alt=&#8221;Cover von %22Der Weg der Liebe%22&#8243; title_text=&#8221;Version 1.0.0&#8243; _builder_version=&#8221;4.27.4&#8243; _module_preset=&#8221;default&#8221; border_width_all=&#8221;1px&#8221; global_colors_info=&#8221;{}&#8221;][\/et_pb_image][et_pb_button button_url=&#8221;https:\/\/quellwasser-verlag.de\/?page_id=53&#8243; button_text=&#8221;Mehr&#8221; button_alignment=&#8221;center&#8221; _builder_version=&#8221;4.27.4&#8243; _module_preset=&#8221;default&#8221; global_colors_info=&#8221;{}&#8221;][\/et_pb_button][\/et_pb_column][et_pb_column type=&#8221;1_4&#8243; _builder_version=&#8221;4.27.4&#8243; _module_preset=&#8221;default&#8221; global_colors_info=&#8221;{}&#8221;][et_pb_image src=&#8221;https:\/\/quellwasser-verlag.de\/wp-content\/uploads\/2024\/12\/Cover_Worte-von-Sehnsucht.jpg&#8221; alt=&#8221;Cover von %22Worte von Liebe%22&#8243; title_text=&#8221;Cover_Worte-von-Sehnsucht&#8221; _builder_version=&#8221;4.27.4&#8243; _module_preset=&#8221;default&#8221; border_width_all=&#8221;1px&#8221; global_colors_info=&#8221;{}&#8221;][\/et_pb_image][et_pb_button button_url=&#8221;https:\/\/quellwasser-verlag.de\/?page_id=53&#8243; button_text=&#8221;Mehr&#8221; button_alignment=&#8221;center&#8221; _builder_version=&#8221;4.27.4&#8243; _module_preset=&#8221;default&#8221; global_colors_info=&#8221;{}&#8221;][\/et_pb_button][\/et_pb_column][et_pb_column type=&#8221;1_4&#8243; _builder_version=&#8221;4.27.4&#8243; _module_preset=&#8221;default&#8221; global_colors_info=&#8221;{}&#8221;][et_pb_image src=&#8221;https:\/\/quellwasser-verlag.de\/wp-content\/uploads\/2024\/12\/Cover-Leben-mit-Schmerzen.jpg&#8221; alt=&#8221;Cover von %22Leben mit chronischen Schmerzen%22&#8243; title_text=&#8221;Cover-Leben-mit-Schmerzen&#8221; _builder_version=&#8221;4.27.4&#8243; _module_preset=&#8221;default&#8221; border_width_all=&#8221;1px&#8221; global_colors_info=&#8221;{}&#8221;][\/et_pb_image][et_pb_button button_url=&#8221;https:\/\/quellwasser-verlag.de\/?page_id=53&#8243; button_text=&#8221;Mehr&#8221; button_alignment=&#8221;center&#8221; _builder_version=&#8221;4.27.4&#8243; _module_preset=&#8221;default&#8221; global_colors_info=&#8221;{}&#8221;][\/et_pb_button][\/et_pb_column][\/et_pb_row][\/et_pb_section][et_pb_section fb_built=&#8221;1&#8243; _builder_version=&#8221;4.27.4&#8243; _module_preset=&#8221;default&#8221; background_color=&#8221;#0060ad&#8221; global_colors_info=&#8221;{}&#8221;][et_pb_row column_structure=&#8221;1_4,1_4,1_4,1_4&#8243; _builder_version=&#8221;4.27.4&#8243; _module_preset=&#8221;default&#8221; global_colors_info=&#8221;{}&#8221;][et_pb_column type=&#8221;1_4&#8243; _builder_version=&#8221;4.27.4&#8243; _module_preset=&#8221;default&#8221; global_colors_info=&#8221;{}&#8221;][et_pb_button button_url=&#8221;https:\/\/quellwasser-verlag.de\/?page_id=53&#8243; button_text=&#8221;B\u00fccher&#8221; button_alignment=&#8221;center&#8221; _builder_version=&#8221;4.27.4&#8243; _module_preset=&#8221;default&#8221; background_layout=&#8221;dark&#8221; global_colors_info=&#8221;{}&#8221;][\/et_pb_button][\/et_pb_column][et_pb_column type=&#8221;1_4&#8243; _builder_version=&#8221;4.27.4&#8243; _module_preset=&#8221;default&#8221; global_colors_info=&#8221;{}&#8221;][et_pb_button button_url=&#8221;https:\/\/quellwasser-verlag.de\/?page_id=104&#8243; button_text=&#8221;Leserstimmen&#8221; button_alignment=&#8221;center&#8221; _builder_version=&#8221;4.27.4&#8243; _module_preset=&#8221;default&#8221; background_layout=&#8221;dark&#8221; global_colors_info=&#8221;{}&#8221;][\/et_pb_button][\/et_pb_column][et_pb_column type=&#8221;1_4&#8243; _builder_version=&#8221;4.27.4&#8243; _module_preset=&#8221;default&#8221; global_colors_info=&#8221;{}&#8221;][et_pb_button button_url=&#8221;https:\/\/quellwasser-verlag.de\/?page_id=94&#8243; button_text=&#8221;Kontakt&#8221; button_alignment=&#8221;center&#8221; _builder_version=&#8221;4.27.4&#8243; _module_preset=&#8221;default&#8221; background_layout=&#8221;dark&#8221; global_colors_info=&#8221;{}&#8221;][\/et_pb_button][\/et_pb_column][et_pb_column type=&#8221;1_4&#8243; _builder_version=&#8221;4.27.4&#8243; _module_preset=&#8221;default&#8221; global_colors_info=&#8221;{}&#8221;][et_pb_button button_text=&#8221;Impressum&#8221; button_alignment=&#8221;center&#8221; _builder_version=&#8221;4.27.4&#8243; _module_preset=&#8221;default&#8221; background_layout=&#8221;dark&#8221; hover_enabled=&#8221;0&#8243; global_colors_info=&#8221;{}&#8221; button_url=&#8221;https:\/\/quellwasser-verlag.de\/?page_id=99&#8243; sticky_enabled=&#8221;0&#8243;][\/et_pb_button][\/et_pb_column][\/et_pb_row][\/et_pb_section]<\/p>\n","protected":false},"excerpt":{"rendered":"<p>Herzlich Willkommen beim Quellwasser Verlag! \u00a0 Quellwasser\u00a0ist ein Grundelement des Lebens. Es symbolisiert Klarheit, Urspr\u00fcnglichkeit und Lebendigkeit. Dieses Hintergrundmotiv steht sinnbildlich f\u00fcr das Programm des Verlages. Publiziert werden schwerpunktm\u00e4\u00dfig Werke aus den Bereichen Existenzphilosophie und Existenzielle Psychotherapie sowie verwandten Gebieten. Der Mensch als freies und verantwortliches Wesen, das auf Sinn und Werte hin orientiert ist, [&hellip;]<\/p>\n","protected":false},"author":1,"featured_media":0,"parent":0,"menu_order":0,"comment_status":"closed","ping_status":"closed","template":"","meta":{"_et_pb_use_builder":"on","_et_pb_old_content":"","_et_gb_content_width":"","footnotes":""},"class_list":["post-41","page","type-page","status-publish","hentry"],"_links":{"self":[{"href":"https:\/\/quellwasser-verlag.de\/index.php?rest_route=\/wp\/v2\/pages\/41","targetHints":{"allow":["GET"]}}],"collection":[{"href":"https:\/\/quellwasser-verlag.de\/index.php?rest_route=\/wp\/v2\/pages"}],"about":[{"href":"https:\/\/quellwasser-verlag.de\/index.php?rest_route=\/wp\/v2\/types\/page"}],"author":[{"embeddable":true,"href":"https:\/\/quellwasser-verlag.de\/index.php?rest_route=\/wp\/v2\/users\/1"}],"replies":[{"embeddable":true,"href":"https:\/\/quellwasser-verlag.de\/index.php?rest_route=%2Fwp%2Fv2%2Fcomments&post=41"}],"version-history":[{"count":13,"href":"https:\/\/quellwasser-verlag.de\/index.php?rest_route=\/wp\/v2\/pages\/41\/revisions"}],"predecessor-version":[{"id":149,"href":"https:\/\/quellwasser-verlag.de\/index.php?rest_route=\/wp\/v2\/pages\/41\/revisions\/149"}],"wp:attachment":[{"href":"https:\/\/quellwasser-verlag.de\/index.php?rest_route=%2Fwp%2Fv2%2Fmedia&parent=41"}],"curies":[{"name":"wp","href":"https:\/\/api.w.org\/{rel}","templated":true}]}}